{"id":8580,"date":"2017-03-07T13:53:11","date_gmt":"2017-03-07T13:53:11","guid":{"rendered":"http:\/\/baker.edge-themes.com\/?page_id=8580"},"modified":"2024-07-17T15:08:02","modified_gmt":"2024-07-17T15:08:02","slug":"about-me","status":"publish","type":"page","link":"http:\/\/simithouse.pl\/index.php\/about-me\/","title":{"rendered":"O nas"},"content":{"rendered":"<section class=\"wpb-content-wrapper\"><p>[vc_row css=&#8221;.vc_custom_1488536699571{padding-top: 70px !important;padding-bottom: 6px !important;}&#8221;][vc_column][vc_row_inner row_content_width=&#8221;grid&#8221;][vc_column_inner offset=&#8221;vc_col-lg-6 vc_col-md-12&#8243;]<div class=\"edgtf-elements-holder edgtf-one-column edgtf-responsive-mode-768\" ><div class=\"edgtf-eh-item \"  data-item-class=\"edgtf-eh-custom-290517\" data-1024-1280=\"34px 8% 50px 0%\" data-768-1024=\"0 25% 74px 0%\" data-600-768=\"0 12% 74px 0%\" data-480-600=\"1px 0% 72px 0%\" data-480=\"1px 0% 72px 0%\">\n\t<div class=\"edgtf-eh-item-inner\">\n\t\t<div class=\"edgtf-eh-item-content edgtf-eh-custom-290517\" style=\"padding: 34px 10% 50px 0%\">\n\t\t\t<div class=\"edgtf-section-title-holder\" style=\"text-align: left\">\n\t\t\t\t\t<h2 class=\"edgtf-st-title\" style=\"color: #303030;font-weight: 600;letter-spacing: 3px\">\n\t\t\t<span>PRZYJD\u0179 I SPR\u00d3BUJ<\/span>\n\t\t<\/h2>\n\t\t\t\t<p class=\"edgtf-st-text\" style=\"font-size: 16px;line-height: 30px;font-weight: 300;margin-top: 22px\">Simit House to kawiarnia i cukiernia z tradycyjnymi wypiekami wed\u0142ug tureckiej receptury.<\/p>\n\t<\/div>[vc_empty_space height=&#8221;19px&#8221;][vc_column_text]<span style=\"color: #666666; font-size: 14px; line-height: 27px; font-weight: 300;\">W SimitHouse stworzyli\u015bmy w\u0142asn\u0105 mieszank\u0119 tureckiej herbaty, kt\u00f3ra jest absolutnie wyj\u0105tkowa. Jej smak idealnie komponuje si\u0119 z produktami wytrawnymi jak i s\u0142odkimi, dlatego niezale\u017cnie od tego na co masz ochot\u0119 Nasz Turkish \u00c7ay idealnie uzupe\u0142ni Tw\u00f3j zestaw.<br \/>\n<\/span>[\/vc_column_text][vc_empty_space height=&#8221;31px&#8221;][vc_single_image image=&#8221;11557&#8243;]\t\t<\/div>\n\t<\/div>\n<\/div><\/div>[\/vc_column_inner][vc_column_inner offset=&#8221;vc_col-lg-6 vc_col-md-12 vc_col-xs-12&#8243;]<div class=\"edgtf-elements-holder edgtf-one-column edgtf-responsive-mode-768\" ><div class=\"edgtf-eh-item edgtf-horizontal-alignment-center\"  data-item-class=\"edgtf-eh-custom-513972\" data-768-1024=\"51px 0 74px 0\" data-480-600=\"51px 0 75px 0\" data-480=\"51px 0 75px 0\">\n\t<div class=\"edgtf-eh-item-inner\">\n\t\t<div class=\"edgtf-eh-item-content edgtf-eh-custom-513972\" style=\"padding: 44px 0 25px 0\">\n\t\t\t[vc_single_image image=&#8221;11473&#8243; img_size=&#8221;large&#8221; onclick=&#8221;custom_link&#8221; link=&#8221;#&#8221;]\t\t<\/div>\n\t<\/div>\n<\/div><\/div>[\/vc_column_inner][\/vc_row_inner][\/vc_column][\/vc_row][vc_row row_content_width=&#8221;grid&#8221; css=&#8221;.vc_custom_1490865294918{padding-bottom: 42px !important;}&#8221;][vc_column width=&#8221;1\/2&#8243; offset=&#8221;vc_col-lg-3 vc_col-md-3&#8243;][vc_single_image image=&#8221;11429&#8243; img_size=&#8221;full&#8221;][vc_empty_space height=&#8221;50px&#8221;][\/vc_column][vc_column width=&#8221;1\/2&#8243; offset=&#8221;vc_col-lg-3 vc_col-md-3&#8243;][vc_single_image image=&#8221;11428&#8243; img_size=&#8221;full&#8221;][vc_empty_space height=&#8221;50px&#8221;][\/vc_column][vc_column width=&#8221;1\/2&#8243; offset=&#8221;vc_col-lg-3 vc_col-md-3&#8243;][vc_single_image image=&#8221;11427&#8243; img_size=&#8221;full&#8221;][vc_empty_space height=&#8221;50px&#8221;][\/vc_column][vc_column width=&#8221;1\/2&#8243; offset=&#8221;vc_col-lg-3 vc_col-md-3&#8243;][vc_single_image image=&#8221;11426&#8243; img_size=&#8221;full&#8221;][vc_empty_space height=&#8221;50px&#8221;][\/vc_column][\/vc_row][vc_row css=&#8221;.vc_custom_1488900356387{padding-top: 22px !important;padding-bottom: 55px !important;}&#8221;][vc_column]<div class=\"edgtf-parallax-holder edgtf-vertical-middle-align edgtf-disabled-parallax-on-touch lazyload\" data-parallax-speed=\"1\" style=\"background-image:inherit;min-height: 160px;height: 160px\" data-bg-image=\"url(http:\/\/simithouse.pl\/wp-content\/uploads\/2024\/07\/276207059_154094913694104_5852397703500486121_n-scaled.jpg)\">\n\t<div class=\"edgtf-parallax-inner\">\n\t\t[vc_row_inner row_content_width=&#8221;grid&#8221;][vc_column_inner][vc_empty_space height=&#8221;50px&#8221;]<div class=\"edgtf-call-to-action-holder  edgtf-normal-layout edgtf-two-thirds-columns\">\n\t<div class=\"edgtf-cta-inner \">\n\t\t<div class=\"edgtf-cta-text-holder\">\n\t\t\t<div class=\"edgtf-cta-text\"><span style=\"color: #ffffff; font-size: 20px; line-height: 29px; font-weight: 300;\">Daj si\u0119 zauroczy\u0107 pysznymi ciastami, kt\u00f3re mamy w swojej ofercie. Przyjd\u017a i spr\u00f3buj!<\/span><\/div>\n\t\t<\/div>\n\t\t<div class=\"edgtf-cta-button-holder\" >\n\t\t\t<div class=\"edgtf-cta-button\"><a itemprop=\"url\" href=\"https:\/\/simithouse.pl\/index.php\/contact-us\/\" target=\"_blank\" style=\"color: #333333;background-color: #ffffff;border-color: #ffffff\" class=\"edgtf-btn edgtf-btn-medium edgtf-btn-solid\"  >    <span class=\"edgtf-btn-text\">Kontakt<\/span>    <\/a><\/div>\n\t\t<\/div>\n\t<\/div>\n<\/div>[vc_empty_space height=&#8221;50px&#8221;][\/vc_column_inner][\/vc_row_inner]\t<\/div>\n<\/div>\n[\/vc_column][\/vc_row][vc_row row_content_width=&#8221;grid&#8221; css=&#8221;.vc_custom_1490866376814{padding-top: 16px !important;padding-right: 0px !important;padding-bottom: 77px !important;padding-left: 0px !important;}&#8221;][vc_column]<div class=\"edgtf-elements-holder edgtf-two-columns edgtf-responsive-mode-1024\" ><div class=\"edgtf-eh-item \"  data-item-class=\"edgtf-eh-custom-865983\" data-1280-1600=\"35px 12% 70px 0%\" data-1024-1280=\"44px 12% 70px 0%\" data-768-1024=\"33px 12% 131px 0%\" data-480-600=\"45px 0% 140px 0%\" data-480=\"45px 0% 140px 0%\">\n\t<div class=\"edgtf-eh-item-inner\">\n\t\t<div class=\"edgtf-eh-item-content edgtf-eh-custom-865983\" style=\"padding: 45px 12% 70px 0%\">\n\t\t\t<div class=\"edgtf-section-title-holder\" >\n\t\t\t\t\t<h2 class=\"edgtf-st-title\" style=\"color: #303030;font-weight: 600\">\n\t\t\t<span>DOSKONA\u0141E PRODUKTY<\/span>\n\t\t<\/h2>\n\t\t\t\t<p class=\"edgtf-st-text\" style=\"color: #666666;font-size: 16.05px;line-height: 30.09px;font-weight: 300;margin-top: 26px\">Mamy doskona\u0142e produkty. Odwied\u017a nas ju\u017c z samego rana na \u015bniadanie! Proponujemy \u015bniadania s\u0142odkie lub wytrawne. Ka\u017cdy zestaw zawiera dowoln\u0105 herbat\u0119 klasyczn\u0105 lub kaw\u0119 w ma\u0142ym rozmiarze.<\/p>\n\t<\/div>[vc_empty_space height=&#8221;16px&#8221;][vc_column_text]Mieszanka kawy w Simit House to 100% ziaren Arabici wypalanej specjalnie dla nas w Warszawskiej palarni. Oferujemy r\u00f3wnie\u017c wy\u015bmienite kawy sezonowe! Zapraszamy do spr\u00f3bowania![\/vc_column_text][vc_empty_space height=&#8221;42px&#8221;]\t\t<\/div>\n\t<\/div>\n<\/div><div class=\"edgtf-eh-item \"  data-item-class=\"edgtf-eh-custom-675804\" data-768-1024=\"5px 0% 54px 0\" data-480-600=\"5px 0% 65px 0\" data-480=\"5px 0% 65px 0\">\n\t<div class=\"edgtf-eh-item-inner\">\n\t\t<div class=\"edgtf-eh-item-content edgtf-eh-custom-675804\" style=\"padding: 5px 0% 0 0\">\n\t\t\t[vc_single_image image=&#8221;11474&#8243; img_size=&#8221;large&#8221; onclick=&#8221;custom_link&#8221; link=&#8221;#&#8221;]\t\t<\/div>\n\t<\/div>\n<\/div><\/div>[\/vc_column][\/vc_row]<\/p>\n<\/section>","protected":false},"excerpt":{"rendered":"<p>[vc_row css=&#8221;.vc_custom_1488536699571{padding-top: 70px !important;padding-bottom: 6px !important;}&#8221;][vc_column][vc_row_inner row_content_width=&#8221;grid&#8221;][vc_column_inner offset=&#8221;vc_col-lg-6 vc_col-md-12&#8243;][\/vc_column_inner][vc_column_inner offset=&#8221;vc_col-lg-6 vc_col-md-12 vc_col-xs-12&#8243;][\/vc_column_inner][\/vc_row_inner][\/vc_column][\/vc_row][vc_row row_content_width=&#8221;grid&#8221; css=&#8221;.vc_custom_1490865294918{padding-bottom: 42px !important;}&#8221;][vc_column width=&#8221;1\/2&#8243; offset=&#8221;vc_col-lg-3 vc_col-md-3&#8243;][vc_single_image image=&#8221;11429&#8243; img_size=&#8221;full&#8221;][vc_empty_space height=&#8221;50px&#8221;][\/vc_column][vc_column width=&#8221;1\/2&#8243; offset=&#8221;vc_col-lg-3 vc_col-md-3&#8243;][vc_single_image image=&#8221;11428&#8243; img_size=&#8221;full&#8221;][vc_empty_space height=&#8221;50px&#8221;][\/vc_column][vc_column width=&#8221;1\/2&#8243; offset=&#8221;vc_col-lg-3 vc_col-md-3&#8243;][vc_single_image image=&#8221;11427&#8243; img_size=&#8221;full&#8221;][vc_empty_space height=&#8221;50px&#8221;][\/vc_column][vc_column width=&#8221;1\/2&#8243; offset=&#8221;vc_col-lg-3 vc_col-md-3&#8243;][vc_single_image image=&#8221;11426&#8243; img_size=&#8221;full&#8221;][vc_empty_space height=&#8221;50px&#8221;][\/vc_column][\/vc_row][vc_row [&hellip;]<\/p>\n","protected":false},"author":1,"featured_media":0,"parent":0,"menu_order":0,"comment_status":"closed","ping_status":"closed","template":"full-width.php","meta":{"footnotes":""},"class_list":["post-8580","page","type-page","status-publish","hentry"],"_links":{"self":[{"href":"http:\/\/simithouse.pl\/index.php\/wp-json\/wp\/v2\/pages\/8580","targetHints":{"allow":["GET"]}}],"collection":[{"href":"http:\/\/simithouse.pl\/index.php\/wp-json\/wp\/v2\/pages"}],"about":[{"href":"http:\/\/simithouse.pl\/index.php\/wp-json\/wp\/v2\/types\/page"}],"author":[{"embeddable":true,"href":"http:\/\/simithouse.pl\/index.php\/wp-json\/wp\/v2\/users\/1"}],"replies":[{"embeddable":true,"href":"http:\/\/simithouse.pl\/index.php\/wp-json\/wp\/v2\/comments?post=8580"}],"version-history":[{"count":17,"href":"http:\/\/simithouse.pl\/index.php\/wp-json\/wp\/v2\/pages\/8580\/revisions"}],"predecessor-version":[{"id":11558,"href":"http:\/\/simithouse.pl\/index.php\/wp-json\/wp\/v2\/pages\/8580\/revisions\/11558"}],"wp:attachment":[{"href":"http:\/\/simithouse.pl\/index.php\/wp-json\/wp\/v2\/media?parent=8580"}],"curies":[{"name":"wp","href":"https:\/\/api.w.org\/{rel}","templated":true}]}}